{"id":2580,"date":"2026-04-30T12:11:27","date_gmt":"2026-04-30T12:11:27","guid":{"rendered":"https:\/\/kysko.com\/?page_id=2580"},"modified":"2026-04-30T12:11:27","modified_gmt":"2026-04-30T12:11:27","slug":"corporate-offer-5","status":"publish","type":"page","link":"https:\/\/kysko.com\/en\/corporate-offer-5\/","title":{"rendered":"Corporate Offer"},"content":{"rendered":"\t\t<div data-elementor-type=\"wp-page\" data-elementor-id=\"2580\" class=\"elementor elementor-2580 elementor-2579\" data-elementor-post-type=\"page\">\n\t\t\t\t<div class=\"elementor-element elementor-element-9e401f0 e-flex e-con-boxed e-con e-parent\" data-id=\"9e401f0\" data-element_type=\"container\" data-settings=\"{&quot;background_background&quot;:&quot;classic&quot;,&quot;jet_parallax_layout_list&quot;:[]}\">\n\t\t\t\t\t<div class=\"e-con-inner\">\n\t\t\t\t\t<\/div>\n\t\t\t\t<\/div>\n\t\t<div class=\"elementor-element elementor-element-e02ab9a e-flex e-con-boxed e-con e-parent\" data-id=\"e02ab9a\" data-element_type=\"container\" data-settings=\"{&quot;background_background&quot;:&quot;classic&quot;,&quot;jet_parallax_layout_list&quot;:[]}\">\n\t\t\t\t\t<div class=\"e-con-inner\">\n\t\t<div class=\"elementor-element elementor-element-5162a0f e-con-full e-flex e-con e-child\" data-id=\"5162a0f\" data-element_type=\"container\" data-settings=\"{&quot;jet_parallax_layout_list&quot;:[]}\">\n\t\t\t\t<div class=\"elementor-element elementor-element-8ef5a47 elementor-widget__width-initial elementor-widget elementor-widget-heading\" data-id=\"8ef5a47\" data-element_type=\"widget\" data-widget_type=\"heading.default\">\n\t\t\t\t\t<h2 class=\"elementor-heading-title elementor-size-default\">Corporate wellness, the Kysko way.<\/h2>\t\t\t\t<\/div>\n\t\t\t\t<div class=\"elementor-element elementor-element-948c42b elementor-widget elementor-widget-text-editor\" data-id=\"948c42b\" data-element_type=\"widget\" data-widget_type=\"text-editor.default\">\n\t\t\t\t\t\t\t\t\t<p>Give your employees access to Kysko classes, from Reformer Pilates to Lagree, to help them move, recharge, and feel their best.<\/p>\n<p>Host your own wellness events too: team buildings, group classes, or private sessions, either in our studios or directly at your workplace.<\/p>\n<p>Enjoy preferential rates and flexible options tailored to your company\u2019s needs.<\/p>\n<p><b>Contact us at<\/b> <a href=\"mailto:info@kysko.com\">info@kysko.com<\/a><\/p>\t\t\t\t\t\t\t\t<\/div>\n\t\t\t\t<div class=\"elementor-element elementor-element-fe3277f elementor-widget elementor-widget-image\" data-id=\"fe3277f\" data-element_type=\"widget\" data-widget_type=\"image.default\">\n\t\t\t\t\t\t\t\t\t\t\t\t\t\t\t<img fetchpriority=\"high\" decoding=\"async\" width=\"800\" height=\"330\" src=\"https:\/\/kysko.com\/wp-content\/uploads\/2026\/04\/Untitled-design-2.png\" class=\"attachment-large size-large wp-image-2574\" alt=\"\" srcset=\"https:\/\/kysko.com\/wp-content\/uploads\/2026\/04\/Untitled-design-2.png 920w, https:\/\/kysko.com\/wp-content\/uploads\/2026\/04\/Untitled-design-2-300x124.png 300w, https:\/\/kysko.com\/wp-content\/uploads\/2026\/04\/Untitled-design-2-768x317.png 768w\" sizes=\"(max-width: 800px) 100vw, 800px\" \/>\t\t\t\t\t\t\t\t\t\t\t\t\t\t\t<\/div>\n\t\t\t\t<div class=\"elementor-element elementor-element-ba8209b elementor-widget elementor-widget-heading\" data-id=\"ba8209b\" data-element_type=\"widget\" data-widget_type=\"heading.default\">\n\t\t\t\t\t<h5 class=\"elementor-heading-title elementor-size-default\">POURQUOI SE FORMER AVEC LA KYSKO ACADEMY ?\n<\/h5>\t\t\t\t<\/div>\n\t\t\t\t<div class=\"elementor-element elementor-element-a94257e elementor-widget elementor-widget-text-editor\" data-id=\"a94257e\" data-element_type=\"widget\" data-widget_type=\"text-editor.default\">\n\t\t\t\t\t\t\t\t\t<p><span style=\"font-weight: 400;\">Choisir la KYSKO Academy, c&#8217;est choisir une formation qui allie exigence technique, p\u00e9dagogie de terrain et accompagnement personnalis\u00e9.<\/span><\/p><ul><li style=\"font-weight: 400;\" aria-level=\"1\"><b>Mentorat d&#8217;experts :<\/b><span style=\"font-weight: 400;\"> Apprenez aux c\u00f4t\u00e9s de formatrices certifi\u00e9es et leaders de l&#8217;industrie, dot\u00e9es d&#8217;une expertise technique profonde.<\/span><\/li><li style=\"font-weight: 400;\" aria-level=\"1\"><b>Groupes \u00e0 taille humaine :<\/b><span style=\"font-weight: 400;\"> Un cadre intimiste pour un apprentissage sur-mesure et une pratique concr\u00e8te.<\/span><\/li><li style=\"font-weight: 400;\" aria-level=\"1\"><b>Curriculum avanc\u00e9 :<\/b><span style=\"font-weight: 400;\"> De la ma\u00eetrise des flows complexes \u00e0 la compr\u00e9hension des pathologies et de la gestion des blessures.<\/span><\/li><li style=\"font-weight: 400;\" aria-level=\"1\"><b>Parcours complet :<\/b><span style=\"font-weight: 400;\"> Nous vous guidons de la ma\u00eetrise individuelle jusqu&#8217;\u00e0 la confiance totale pour enseigner devant un groupe.<\/span><\/li><li style=\"font-weight: 400;\" aria-level=\"1\"><b>Certification reconnue :<\/b><span style=\"font-weight: 400;\"> Un dipl\u00f4me qui valide vos comp\u00e9tences au sein du r\u00e9seau KYSKO et bien au-del\u00e0.<\/span><\/li><\/ul>\t\t\t\t\t\t\t\t<\/div>\n\t\t\t\t<div class=\"elementor-element elementor-element-2f4c0a8 elementor-widget elementor-widget-heading\" data-id=\"2f4c0a8\" data-element_type=\"widget\" data-widget_type=\"heading.default\">\n\t\t\t\t\t<h5 class=\"elementor-heading-title elementor-size-default\">LANCEZ VOTRE CARRI\u00c8RE<\/h5>\t\t\t\t<\/div>\n\t\t\t\t<div class=\"elementor-element elementor-element-76e98b4 elementor-widget elementor-widget-text-editor\" data-id=\"76e98b4\" data-element_type=\"widget\" data-widget_type=\"text-editor.default\">\n\t\t\t\t\t\t\t\t\t<p><b>Formez-vous avec nous, inspirez les autres demain.<\/b><\/p><p><span style=\"font-weight: 400;\">Que vous souhaitiez enseigner une m\u00e9thode intensive comme le <\/span><b>Lagree<\/b><span style=\"font-weight: 400;\"> ou vous sp\u00e9cialiser dans le <\/span><b>Pilates Reformer<\/b><span style=\"font-weight: 400;\">, nos parcours vous offrent les cl\u00e9s pour transmettre en toute confiance. Vous sortirez pr\u00eat\u00b7e \u00e0 ma\u00eetriser les \u00e9quipements et \u00e0 construire des s\u00e9ances adapt\u00e9es \u00e0 tous les niveaux.<\/span><\/p><p><b>\ud83d\udccd KYSKO Academy <\/b><i><span style=\"font-weight: 400;\">51 av. Blanc, 1202 Gen\u00e8ve<\/span><\/i><\/p>\t\t\t\t\t\t\t\t<\/div>\n\t\t\t\t<\/div>\n\t\t\t\t\t<\/div>\n\t\t\t\t<\/div>\n\t\t<div class=\"elementor-element elementor-element-71fcab5 e-con-full e-flex e-con e-parent\" data-id=\"71fcab5\" data-element_type=\"container\" data-settings=\"{&quot;jet_parallax_layout_list&quot;:[]}\">\n\t\t<div class=\"elementor-element elementor-element-6fdb61c e-flex e-con-boxed e-con e-child\" data-id=\"6fdb61c\" data-element_type=\"container\" data-settings=\"{&quot;jet_parallax_layout_list&quot;:[]}\">\n\t\t\t\t\t<div class=\"e-con-inner\">\n\t\t<div class=\"elementor-element elementor-element-19a0ed6 e-con-full e-flex e-con e-child\" data-id=\"19a0ed6\" data-element_type=\"container\" data-settings=\"{&quot;background_background&quot;:&quot;gradient&quot;,&quot;jet_parallax_layout_list&quot;:[]}\">\n\t\t\t\t<div class=\"elementor-element elementor-element-94d714e elementor-absolute elementor-hidden-mobile elementor-widget elementor-widget-image\" data-id=\"94d714e\" data-element_type=\"widget\" data-settings=\"{&quot;_position&quot;:&quot;absolute&quot;}\" data-widget_type=\"image.default\">\n\t\t\t\t\t\t\t\t\t\t\t\t\t\t\t<img decoding=\"async\" width=\"480\" height=\"430\" src=\"https:\/\/kysko.com\/wp-content\/uploads\/2025\/07\/home_fleur.png\" class=\"attachment-large size-large wp-image-1774\" alt=\"\" srcset=\"https:\/\/kysko.com\/wp-content\/uploads\/2025\/07\/home_fleur.png 480w, https:\/\/kysko.com\/wp-content\/uploads\/2025\/07\/home_fleur-300x269.png 300w\" sizes=\"(max-width: 480px) 100vw, 480px\" \/>\t\t\t\t\t\t\t\t\t\t\t\t\t\t\t<\/div>\n\t\t<div class=\"elementor-element elementor-element-2cbd231 e-con-full e-flex e-con e-child\" data-id=\"2cbd231\" data-element_type=\"container\" data-settings=\"{&quot;jet_parallax_layout_list&quot;:[]}\">\n\t\t\t\t<div class=\"elementor-element elementor-element-e80506d elementor-absolute elementor-widget elementor-widget-image\" data-id=\"e80506d\" data-element_type=\"widget\" data-settings=\"{&quot;_position&quot;:&quot;absolute&quot;}\" data-widget_type=\"image.default\">\n\t\t\t\t\t\t\t\t\t\t\t\t\t\t\t<img decoding=\"async\" width=\"660\" height=\"780\" src=\"https:\/\/kysko.com\/wp-content\/uploads\/2025\/07\/photos_ensemble.png\" class=\"attachment-large size-large wp-image-1776\" alt=\"\" srcset=\"https:\/\/kysko.com\/wp-content\/uploads\/2025\/07\/photos_ensemble.png 660w, https:\/\/kysko.com\/wp-content\/uploads\/2025\/07\/photos_ensemble-254x300.png 254w\" sizes=\"(max-width: 660px) 100vw, 660px\" \/>\t\t\t\t\t\t\t\t\t\t\t\t\t\t\t<\/div>\n\t\t\t\t<\/div>\n\t\t<div class=\"elementor-element elementor-element-42f0904 e-con-full e-flex e-con e-child\" data-id=\"42f0904\" data-element_type=\"container\" data-settings=\"{&quot;jet_parallax_layout_list&quot;:[]}\">\n\t\t\t\t<div class=\"elementor-element elementor-element-86736d4 elementor-widget elementor-widget-heading\" data-id=\"86736d4\" data-element_type=\"widget\" data-widget_type=\"heading.default\">\n\t\t\t\t\t<h2 class=\"elementor-heading-title elementor-size-default\">MOVE. SMILE. LIVE FULLY   <\/h2>\t\t\t\t<\/div>\n\t\t\t\t<div class=\"elementor-element elementor-element-2d32040 elementor-widget elementor-widget-heading\" data-id=\"2d32040\" data-element_type=\"widget\" data-widget_type=\"heading.default\">\n\t\t\t\t\t<p class=\"elementor-heading-title elementor-size-default\">Discovery Offer<\/p>\t\t\t\t<\/div>\n\t\t\t\t<div class=\"elementor-element elementor-element-4f42236 elementor-widget elementor-widget-text-editor\" data-id=\"4f42236\" data-element_type=\"widget\" data-widget_type=\"text-editor.default\">\n\t\t\t\t\t\t\t\t\t<p>Your first class at a special price, starting today!<br><br>Download the application for Switzerland or France:<\/p>\t\t\t\t\t\t\t\t<\/div>\n\t\t<div class=\"elementor-element elementor-element-288e1ac e-con-full e-flex e-con e-child\" data-id=\"288e1ac\" data-element_type=\"container\" data-settings=\"{&quot;jet_parallax_layout_list&quot;:[]}\">\n\t\t\t\t<div class=\"elementor-element elementor-element-2b93e9b elementor-widget elementor-widget-image\" data-id=\"2b93e9b\" data-element_type=\"widget\" data-widget_type=\"image.default\">\n\t\t\t\t\t\t\t\t\t\t\t\t\t\t\t\t<a href=\"https:\/\/kysko.com\/en\/download-the-app\/\">\n\t\t\t\t\t\t\t<img loading=\"lazy\" decoding=\"async\" width=\"196\" height=\"58\" src=\"https:\/\/kysko.com\/wp-content\/uploads\/2025\/07\/Badge_AppStore.png\" class=\"attachment-large size-large wp-image-1778\" alt=\"\" \/>\t\t\t\t\t\t\t\t<\/a>\n\t\t\t\t\t\t\t\t\t\t\t\t\t\t\t<\/div>\n\t\t\t\t<div class=\"elementor-element elementor-element-e7d91c5 elementor-widget elementor-widget-image\" data-id=\"e7d91c5\" data-element_type=\"widget\" data-widget_type=\"image.default\">\n\t\t\t\t\t\t\t\t\t\t\t\t\t\t\t\t<a href=\"https:\/\/kysko.com\/en\/download-the-app\/\">\n\t\t\t\t\t\t\t<img loading=\"lazy\" decoding=\"async\" width=\"196\" height=\"58\" src=\"https:\/\/kysko.com\/wp-content\/uploads\/2025\/07\/Badge_GooglePlay.png\" class=\"attachment-large size-large wp-image-1780\" alt=\"\" \/>\t\t\t\t\t\t\t\t<\/a>\n\t\t\t\t\t\t\t\t\t\t\t\t\t\t\t<\/div>\n\t\t\t\t<\/div>\n\t\t\t\t<div class=\"elementor-element elementor-element-8088dcd elementor-mobile-align-center elementor-widget elementor-widget-button\" data-id=\"8088dcd\" data-element_type=\"widget\" data-widget_type=\"button.default\">\n\t\t\t\t\t\t\t\t\t\t<a class=\"elementor-button elementor-button-link elementor-size-sm\" href=\"#elementor-action%3Aaction%3Dpopup%3Aopen%26settings%3DeyJpZCI6MTc4OSwidG9nZ2xlIjpmYWxzZX0%3D\">\n\t\t\t\t\t\t<span class=\"elementor-button-content-wrapper\">\n\t\t\t\t\t\t<span class=\"elementor-button-icon\">\n\t\t\t\t<svg xmlns=\"http:\/\/www.w3.org\/2000\/svg\" width=\"24\" height=\"24\" viewBox=\"0 0 24 24\" fill=\"none\"><path d=\"M18.5384 1.88832L18.4946 2.03259L11.4713 8.42861C10.0829 10.2531 10.0669 12.4099 11.4713 14.2315L18.7484 21.9274C15.4161 24.2576 10.8879 24.6351 7.17205 23.0044L7.07142 1.05767C10.7654 -0.632782 15.1171 -0.253888 18.5399 1.88686L18.5384 1.88832ZM20.777 20.0475C20.952 20.0956 21.3107 19.5987 21.4376 19.4384C24.5599 15.5008 24.8428 9.93252 22.2076 5.66997C22.0253 5.3756 20.9286 3.77259 20.6734 3.77259L13.7856 9.97333C13.0127 10.8229 13.0361 11.8401 13.7798 12.6912C15.7457 14.7255 17.6751 16.8007 19.6292 18.8424C19.8145 19.0362 20.637 20.0082 20.777 20.0461V20.0475ZM4.25827 2.86616C-0.762811 6.92469 -1.40157 14.5477 2.65118 19.5477C2.99389 19.9717 3.62973 20.6989 4.04827 21.0195C4.11827 21.0735 4.13723 21.1551 4.25827 21.1245V2.86616Z\" fill=\"currentColor\"><\/path><\/svg>\t\t\t<\/span>\n\t\t\t\t\t\t\t\t\t<span class=\"elementor-button-text\">My Ideal Class<\/span>\n\t\t\t\t\t<\/span>\n\t\t\t\t\t<\/a>\n\t\t\t\t\t\t\t\t<\/div>\n\t\t\t\t<\/div>\n\t\t\t\t<\/div>\n\t\t\t\t\t<\/div>\n\t\t\t\t<\/div>\n\t\t\t\t<\/div>\n\t\t\t\t<\/div>\n\t\t","protected":false},"excerpt":{"rendered":"<p>Corporate wellness, the Kysko way. Give your employees access to Kysko classes, from Reformer Pilates to Lagree, to help them move, recharge, and feel their best. Host your own wellness events too: team buildings, group classes, or private sessions, either in our studios or directly at your workplace. Enjoy preferential rates and flexible options tailored [&hellip;]<\/p>\n","protected":false},"author":2,"featured_media":0,"parent":0,"menu_order":0,"comment_status":"closed","ping_status":"closed","template":"","meta":{"_acf_changed":false,"footnotes":""},"class_list":["post-2580","page","type-page","status-publish","hentry"],"acf":[],"yoast_head":"<!-- This site is optimized with the Yoast SEO plugin v27.5 - https:\/\/yoast.com\/product\/yoast-seo-wordpress\/ -->\n<title>Kysko Studios are QualiCert Certified - Kysko<\/title>\n<meta name=\"robots\" content=\"index, follow, max-snippet:-1, max-image-preview:large, max-video-preview:-1\" \/>\n<link rel=\"canonical\" href=\"https:\/\/kysko.com\/en\/corporate-offer-5\/\" \/>\n<meta property=\"og:locale\" content=\"en_US\" \/>\n<meta property=\"og:type\" content=\"article\" \/>\n<meta property=\"og:title\" content=\"Kysko Studios are QualiCert Certified - Kysko\" \/>\n<meta property=\"og:description\" content=\"Corporate wellness, the Kysko way. Give your employees access to Kysko classes, from Reformer Pilates to Lagree, to help them move, recharge, and feel their best. Host your own wellness events too: team buildings, group classes, or private sessions, either in our studios or directly at your workplace. Enjoy preferential rates and flexible options tailored [&hellip;]\" \/>\n<meta property=\"og:url\" content=\"https:\/\/kysko.com\/en\/corporate-offer-5\/\" \/>\n<meta property=\"og:site_name\" content=\"Kysko\" \/>\n<meta property=\"og:image\" content=\"https:\/\/kysko.com\/wp-content\/uploads\/2026\/04\/Untitled-design-2.png\" \/>\n<meta name=\"twitter:card\" content=\"summary_large_image\" \/>\n<meta name=\"twitter:label1\" content=\"Est. reading time\" \/>\n\t<meta name=\"twitter:data1\" content=\"2 minutes\" \/>\n<script type=\"application\/ld+json\" class=\"yoast-schema-graph\">{\"@context\":\"https:\\\/\\\/schema.org\",\"@graph\":[{\"@type\":\"WebPage\",\"@id\":\"https:\\\/\\\/kysko.com\\\/en\\\/corporate-offer-5\\\/\",\"url\":\"https:\\\/\\\/kysko.com\\\/en\\\/corporate-offer-5\\\/\",\"name\":\"Kysko Studios are QualiCert Certified - Kysko\",\"isPartOf\":{\"@id\":\"https:\\\/\\\/kysko.com\\\/en\\\/#website\"},\"primaryImageOfPage\":{\"@id\":\"https:\\\/\\\/kysko.com\\\/en\\\/corporate-offer-5\\\/#primaryimage\"},\"image\":{\"@id\":\"https:\\\/\\\/kysko.com\\\/en\\\/corporate-offer-5\\\/#primaryimage\"},\"thumbnailUrl\":\"https:\\\/\\\/kysko.com\\\/wp-content\\\/uploads\\\/2026\\\/04\\\/Untitled-design-2.png\",\"datePublished\":\"2026-04-30T12:11:27+00:00\",\"breadcrumb\":{\"@id\":\"https:\\\/\\\/kysko.com\\\/en\\\/corporate-offer-5\\\/#breadcrumb\"},\"inLanguage\":\"en-US\",\"potentialAction\":[{\"@type\":\"ReadAction\",\"target\":[\"https:\\\/\\\/kysko.com\\\/en\\\/corporate-offer-5\\\/\"]}]},{\"@type\":\"ImageObject\",\"inLanguage\":\"en-US\",\"@id\":\"https:\\\/\\\/kysko.com\\\/en\\\/corporate-offer-5\\\/#primaryimage\",\"url\":\"https:\\\/\\\/kysko.com\\\/wp-content\\\/uploads\\\/2026\\\/04\\\/Untitled-design-2.png\",\"contentUrl\":\"https:\\\/\\\/kysko.com\\\/wp-content\\\/uploads\\\/2026\\\/04\\\/Untitled-design-2.png\"},{\"@type\":\"BreadcrumbList\",\"@id\":\"https:\\\/\\\/kysko.com\\\/en\\\/corporate-offer-5\\\/#breadcrumb\",\"itemListElement\":[{\"@type\":\"ListItem\",\"position\":1,\"name\":\"Accueil\",\"item\":\"https:\\\/\\\/kysko.com\\\/en\\\/\"},{\"@type\":\"ListItem\",\"position\":2,\"name\":\"Corporate Offer\"}]},{\"@type\":\"WebSite\",\"@id\":\"https:\\\/\\\/kysko.com\\\/en\\\/#website\",\"url\":\"https:\\\/\\\/kysko.com\\\/en\\\/\",\"name\":\"Kysko\",\"description\":\"\",\"potentialAction\":[{\"@type\":\"SearchAction\",\"target\":{\"@type\":\"EntryPoint\",\"urlTemplate\":\"https:\\\/\\\/kysko.com\\\/en\\\/?s={search_term_string}\"},\"query-input\":{\"@type\":\"PropertyValueSpecification\",\"valueRequired\":true,\"valueName\":\"search_term_string\"}}],\"inLanguage\":\"en-US\"}]}<\/script>\n<!-- \/ Yoast SEO plugin. -->","yoast_head_json":{"title":"Kysko Studios are QualiCert Certified - Kysko","robots":{"index":"index","follow":"follow","max-snippet":"max-snippet:-1","max-image-preview":"max-image-preview:large","max-video-preview":"max-video-preview:-1"},"canonical":"https:\/\/kysko.com\/en\/corporate-offer-5\/","og_locale":"en_US","og_type":"article","og_title":"Kysko Studios are QualiCert Certified - Kysko","og_description":"Corporate wellness, the Kysko way. Give your employees access to Kysko classes, from Reformer Pilates to Lagree, to help them move, recharge, and feel their best. Host your own wellness events too: team buildings, group classes, or private sessions, either in our studios or directly at your workplace. Enjoy preferential rates and flexible options tailored [&hellip;]","og_url":"https:\/\/kysko.com\/en\/corporate-offer-5\/","og_site_name":"Kysko","og_image":[{"url":"https:\/\/kysko.com\/wp-content\/uploads\/2026\/04\/Untitled-design-2.png","type":"","width":"","height":""}],"twitter_card":"summary_large_image","twitter_misc":{"Est. reading time":"2 minutes"},"schema":{"@context":"https:\/\/schema.org","@graph":[{"@type":"WebPage","@id":"https:\/\/kysko.com\/en\/corporate-offer-5\/","url":"https:\/\/kysko.com\/en\/corporate-offer-5\/","name":"Kysko Studios are QualiCert Certified - Kysko","isPartOf":{"@id":"https:\/\/kysko.com\/en\/#website"},"primaryImageOfPage":{"@id":"https:\/\/kysko.com\/en\/corporate-offer-5\/#primaryimage"},"image":{"@id":"https:\/\/kysko.com\/en\/corporate-offer-5\/#primaryimage"},"thumbnailUrl":"https:\/\/kysko.com\/wp-content\/uploads\/2026\/04\/Untitled-design-2.png","datePublished":"2026-04-30T12:11:27+00:00","breadcrumb":{"@id":"https:\/\/kysko.com\/en\/corporate-offer-5\/#breadcrumb"},"inLanguage":"en-US","potentialAction":[{"@type":"ReadAction","target":["https:\/\/kysko.com\/en\/corporate-offer-5\/"]}]},{"@type":"ImageObject","inLanguage":"en-US","@id":"https:\/\/kysko.com\/en\/corporate-offer-5\/#primaryimage","url":"https:\/\/kysko.com\/wp-content\/uploads\/2026\/04\/Untitled-design-2.png","contentUrl":"https:\/\/kysko.com\/wp-content\/uploads\/2026\/04\/Untitled-design-2.png"},{"@type":"BreadcrumbList","@id":"https:\/\/kysko.com\/en\/corporate-offer-5\/#breadcrumb","itemListElement":[{"@type":"ListItem","position":1,"name":"Accueil","item":"https:\/\/kysko.com\/en\/"},{"@type":"ListItem","position":2,"name":"Corporate Offer"}]},{"@type":"WebSite","@id":"https:\/\/kysko.com\/en\/#website","url":"https:\/\/kysko.com\/en\/","name":"Kysko","description":"","potentialAction":[{"@type":"SearchAction","target":{"@type":"EntryPoint","urlTemplate":"https:\/\/kysko.com\/en\/?s={search_term_string}"},"query-input":{"@type":"PropertyValueSpecification","valueRequired":true,"valueName":"search_term_string"}}],"inLanguage":"en-US"}]}},"_links":{"self":[{"href":"https:\/\/kysko.com\/en\/wp-json\/wp\/v2\/pages\/2580","targetHints":{"allow":["GET"]}}],"collection":[{"href":"https:\/\/kysko.com\/en\/wp-json\/wp\/v2\/pages"}],"about":[{"href":"https:\/\/kysko.com\/en\/wp-json\/wp\/v2\/types\/page"}],"author":[{"embeddable":true,"href":"https:\/\/kysko.com\/en\/wp-json\/wp\/v2\/users\/2"}],"replies":[{"embeddable":true,"href":"https:\/\/kysko.com\/en\/wp-json\/wp\/v2\/comments?post=2580"}],"version-history":[{"count":1,"href":"https:\/\/kysko.com\/en\/wp-json\/wp\/v2\/pages\/2580\/revisions"}],"predecessor-version":[{"id":2581,"href":"https:\/\/kysko.com\/en\/wp-json\/wp\/v2\/pages\/2580\/revisions\/2581"}],"wp:attachment":[{"href":"https:\/\/kysko.com\/en\/wp-json\/wp\/v2\/media?parent=2580"}],"curies":[{"name":"wp","href":"https:\/\/api.w.org\/{rel}","templated":true}]}}